{"id":12,"date":"2025-04-17T21:59:20","date_gmt":"2025-04-17T19:59:20","guid":{"rendered":"http:\/\/www.fabiennemagnant.fr\/?page_id=12"},"modified":"2025-10-14T12:12:54","modified_gmt":"2025-10-14T10:12:54","slug":"actualites","status":"publish","type":"page","link":"https:\/\/www.fabiennemagnant.fr\/index.php\/actualites\/","title":{"rendered":"ACTUALIT\u00c9S"},"content":{"rendered":"<p>[et_pb_section fb_built=\u00a0\u00bb1&Prime; custom_padding_last_edited=\u00a0\u00bbon|phone\u00a0\u00bb _builder_version=\u00a0\u00bb4.27.4&Prime; _module_preset=\u00a0\u00bbdefault\u00a0\u00bb background_color=\u00a0\u00bbRGBA(255,255,255,0)\u00a0\u00bb background_image=\u00a0\u00bbhttps:\/\/www.fabiennemagnant.fr\/wp-content\/uploads\/2025\/04\/bg-music.jpg\u00a0\u00bb parallax=\u00a0\u00bbon\u00a0\u00bb custom_padding=\u00a0\u00bb100px|160px|100px|160px|true|false\u00a0\u00bb custom_padding_tablet=\u00a0\u00bb\u00a0\u00bb custom_padding_phone=\u00a0\u00bb40px|0px|40px|0px|true|true\u00a0\u00bb animation_style=\u00a0\u00bbfade\u00a0\u00bb background_last_edited=\u00a0\u00bbon|phone\u00a0\u00bb parallax_phone=\u00a0\u00bboff\u00a0\u00bb background_size_phone=\u00a0\u00bbcover\u00a0\u00bb background_position_phone=\u00a0\u00bbtop_center\u00a0\u00bb global_colors_info=\u00a0\u00bb{}\u00a0\u00bb background__hover_enabled=\u00a0\u00bboff|hover\u00a0\u00bb][et_pb_row use_custom_gutter=\u00a0\u00bbon\u00a0\u00bb make_equal=\u00a0\u00bbon\u00a0\u00bb _builder_version=\u00a0\u00bb4.27.4&Prime; _module_preset=\u00a0\u00bbdefault\u00a0\u00bb width=\u00a0\u00bb100%\u00a0\u00bb max_width=\u00a0\u00bb100%\u00a0\u00bb custom_margin=\u00a0\u00bb0px|0px|0px|0px|false|false\u00a0\u00bb custom_padding=\u00a0\u00bb0px|0px|0px|0px|false|false\u00a0\u00bb animation_style=\u00a0\u00bbfade\u00a0\u00bb animation_duration=\u00a0\u00bb2000ms\u00a0\u00bb global_colors_info=\u00a0\u00bb{}\u00a0\u00bb][et_pb_column type=\u00a0\u00bb4_4&Prime; _builder_version=\u00a0\u00bb4.27.4&Prime; _module_preset=\u00a0\u00bbdefault\u00a0\u00bb global_colors_info=\u00a0\u00bb{}\u00a0\u00bb][et_pb_text _builder_version=\u00a0\u00bb4.27.4&Prime; _module_preset=\u00a0\u00bbdefault\u00a0\u00bb text_font=\u00a0\u00bbRoboto|200||on|||||\u00a0\u00bb text_font_size=\u00a0\u00bb40px\u00a0\u00bb text_letter_spacing=\u00a0\u00bb6px\u00a0\u00bb text_orientation=\u00a0\u00bbcenter\u00a0\u00bb width=\u00a0\u00bb100%\u00a0\u00bb max_width=\u00a0\u00bb100%\u00a0\u00bb custom_margin=\u00a0\u00bb|0px|0px|0px|false|false\u00a0\u00bb custom_padding=\u00a0\u00bb0px|0px|0px|0px|false|false\u00a0\u00bb animation_style=\u00a0\u00bbfade\u00a0\u00bb global_colors_info=\u00a0\u00bb{}\u00a0\u00bb]<\/p>\n<p><span>actualit\u00e9s<\/span><\/p>\n<p>[\/et_pb_text][\/et_pb_column][\/et_pb_row][\/et_pb_section][et_pb_section fb_built=\u00a0\u00bb1&Prime; custom_padding_last_edited=\u00a0\u00bbon|phone\u00a0\u00bb _builder_version=\u00a0\u00bb4.27.4&Prime; _module_preset=\u00a0\u00bbdefault\u00a0\u00bb custom_margin=\u00a0\u00bb0px|0px|0px|0px|false|false\u00a0\u00bb custom_padding=\u00a0\u00bb100px|160px|100px|160px|false|false\u00a0\u00bb custom_padding_tablet=\u00a0\u00bb100px|160px|100px|160px|false|false\u00a0\u00bb custom_padding_phone=\u00a0\u00bb60px|16px|60px|16px|false|false\u00a0\u00bb global_colors_info=\u00a0\u00bb{}\u00a0\u00bb][et_pb_row use_custom_gutter=\u00a0\u00bbon\u00a0\u00bb make_equal=\u00a0\u00bbon\u00a0\u00bb _builder_version=\u00a0\u00bb4.27.4&Prime; _module_preset=\u00a0\u00bbdefault\u00a0\u00bb width=\u00a0\u00bb100%\u00a0\u00bb module_alignment=\u00a0\u00bbcenter\u00a0\u00bb custom_margin=\u00a0\u00bb0px|0px|0px|0px|false|false\u00a0\u00bb custom_padding=\u00a0\u00bb0px|0px|0px|0px|false|false\u00a0\u00bb global_colors_info=\u00a0\u00bb{}\u00a0\u00bb][et_pb_column type=\u00a0\u00bb4_4&Prime; _builder_version=\u00a0\u00bb4.27.4&Prime; _module_preset=\u00a0\u00bbdefault\u00a0\u00bb global_colors_info=\u00a0\u00bb{}\u00a0\u00bb][et_pb_image src=\u00a0\u00bbhttps:\/\/www.fabiennemagnant.fr\/wp-content\/uploads\/2025\/04\/titre-album.png\u00a0\u00bb title_text=\u00a0\u00bbtitre-album\u00a0\u00bb align=\u00a0\u00bbcenter\u00a0\u00bb _builder_version=\u00a0\u00bb4.27.4&Prime; _module_preset=\u00a0\u00bbdefault\u00a0\u00bb custom_margin=\u00a0\u00bb0px|0px|0px|0px|false|false\u00a0\u00bb custom_padding=\u00a0\u00bb0px|0px|0px|0px|false|false\u00a0\u00bb animation_style=\u00a0\u00bbfade\u00a0\u00bb global_colors_info=\u00a0\u00bb{}\u00a0\u00bb][\/et_pb_image][et_pb_text _builder_version=\u00a0\u00bb4.27.4&Prime; _module_preset=\u00a0\u00bbdefault\u00a0\u00bb text_font=\u00a0\u00bbRoboto|300||on|||||\u00a0\u00bb text_font_size=\u00a0\u00bb24px\u00a0\u00bb text_orientation=\u00a0\u00bbcenter\u00a0\u00bb custom_margin=\u00a0\u00bb40px|0px|0px|0px|false|true\u00a0\u00bb custom_padding=\u00a0\u00bb0px|0px|0px|0px|true|false\u00a0\u00bb animation_style=\u00a0\u00bbfade\u00a0\u00bb global_colors_info=\u00a0\u00bb{}\u00a0\u00bb]<\/p>\n<p>nouvel album<\/p>\n<p>[\/et_pb_text][et_pb_gallery gallery_ids=\u00a0\u00bb83,263612,263613,263614,263615,263616,263617,263618,263619,263620,263621,84&Prime; posts_number=\u00a0\u00bb12&Prime; dbdb_version=\u00a0\u00bb4.3.9&Prime; show_title_and_caption=\u00a0\u00bboff\u00a0\u00bb show_pagination=\u00a0\u00bboff\u00a0\u00bb module_class=\u00a0\u00bbpa-gallery\u00a0\u00bb _builder_version=\u00a0\u00bb4.27.4&Prime; _module_preset=\u00a0\u00bbdefault\u00a0\u00bb custom_css_main_element=\u00a0\u00bbdisplay: none!important;\u00a0\u00bb global_colors_info=\u00a0\u00bb{}\u00a0\u00bb][\/et_pb_gallery][\/et_pb_column][\/et_pb_row][\/et_pb_section][et_pb_section fb_built=\u00a0\u00bb1&Prime; custom_padding_last_edited=\u00a0\u00bbon|phone\u00a0\u00bb _builder_version=\u00a0\u00bb4.27.4&Prime; _module_preset=\u00a0\u00bbdefault\u00a0\u00bb background_color=\u00a0\u00bb#E5E5E5&Prime; custom_margin=\u00a0\u00bb0px|0px|0px|0px|false|false\u00a0\u00bb custom_padding=\u00a0\u00bb100px|160px|100px|160px|false|false\u00a0\u00bb custom_padding_tablet=\u00a0\u00bb100px|160px|100px|160px|false|false\u00a0\u00bb custom_padding_phone=\u00a0\u00bb|16px||16px|false|true\u00a0\u00bb global_colors_info=\u00a0\u00bb{}\u00a0\u00bb][et_pb_row column_structure=\u00a0\u00bb1_2,1_2&Prime; use_custom_gutter=\u00a0\u00bbon\u00a0\u00bb make_equal=\u00a0\u00bbon\u00a0\u00bb _builder_version=\u00a0\u00bb4.27.4&Prime; _module_preset=\u00a0\u00bbdefault\u00a0\u00bb width=\u00a0\u00bb100%\u00a0\u00bb max_width=\u00a0\u00bb1200px\u00a0\u00bb module_alignment=\u00a0\u00bbcenter\u00a0\u00bb min_height=\u00a0\u00bb100%\u00a0\u00bb height=\u00a0\u00bb100%\u00a0\u00bb max_height=\u00a0\u00bb800px\u00a0\u00bb max_height_tablet=\u00a0\u00bb800px\u00a0\u00bb max_height_phone=\u00a0\u00bb100%\u00a0\u00bb max_height_last_edited=\u00a0\u00bbon|phone\u00a0\u00bb custom_margin=\u00a0\u00bb|0px|100px|0px|false|false\u00a0\u00bb custom_padding=\u00a0\u00bb0px|0px|0px|0px|false|false\u00a0\u00bb custom_css_main_element=\u00a0\u00bbalign-items: center; \u00a0\u00bb global_colors_info=\u00a0\u00bb{}\u00a0\u00bb custom_css_main_element_last_edited=\u00a0\u00bbon|phone\u00a0\u00bb custom_css_main_element_tablet=\u00a0\u00bbalign-items: center; \u00a0\u00bb custom_css_main_element_phone=\u00a0\u00bbalign-items: center; \u00ab\u00a0][et_pb_column type=\u00a0\u00bb1_2&Prime; _builder_version=\u00a0\u00bb4.16&Prime; _module_preset=\u00a0\u00bbdefault\u00a0\u00bb global_colors_info=\u00a0\u00bb{}\u00a0\u00bb][et_pb_image src=\u00a0\u00bbhttps:\/\/www.fabiennemagnant.fr\/wp-content\/uploads\/2025\/04\/livret-Fabienne-cover.jpg\u00a0\u00bb alt=\u00a0\u00bbNouvel album\u00a0\u00bb title_text=\u00a0\u00bblivret Fabienne cover\u00a0\u00bb disabled_on=\u00a0\u00bbon|off|off\u00a0\u00bb _builder_version=\u00a0\u00bb4.27.4&Prime; _module_preset=\u00a0\u00bbdefault\u00a0\u00bb width=\u00a0\u00bb100%\u00a0\u00bb max_width=\u00a0\u00bb100%\u00a0\u00bb custom_margin=\u00a0\u00bb0px|0px|0px|0px|false|false\u00a0\u00bb custom_padding=\u00a0\u00bb0px|0px|0px|0px|false|false\u00a0\u00bb animation_style=\u00a0\u00bbfade\u00a0\u00bb border_color_all=\u00a0\u00bb#FFFFFF\u00a0\u00bb global_colors_info=\u00a0\u00bb{}\u00a0\u00bb][\/et_pb_image][\/et_pb_column][et_pb_column type=\u00a0\u00bb1_2&Prime; _builder_version=\u00a0\u00bb4.16&Prime; _module_preset=\u00a0\u00bbdefault\u00a0\u00bb global_colors_info=\u00a0\u00bb{}\u00a0\u00bb][et_pb_image src=\u00a0\u00bbhttps:\/\/www.fabiennemagnant.fr\/wp-content\/uploads\/2025\/04\/livret-Fabienne-cover.jpg\u00a0\u00bb title_text=\u00a0\u00bblivret Fabienne cover\u00a0\u00bb disabled_on=\u00a0\u00bboff|on|on\u00a0\u00bb _builder_version=\u00a0\u00bb4.27.4&Prime; _module_preset=\u00a0\u00bbdefault\u00a0\u00bb global_colors_info=\u00a0\u00bb{}\u00a0\u00bb][\/et_pb_image][et_pb_text _builder_version=\u00a0\u00bb4.27.4&Prime; _module_preset=\u00a0\u00bbdefault\u00a0\u00bb text_font=\u00a0\u00bbPoppins|300|||||||\u00a0\u00bb animation_style=\u00a0\u00bbfade\u00a0\u00bb text_font_size_tablet=\u00a0\u00bb\u00a0\u00bb text_font_size_phone=\u00a0\u00bb16px\u00a0\u00bb text_font_size_last_edited=\u00a0\u00bbon|phone\u00a0\u00bb text_line_height_tablet=\u00a0\u00bb\u00a0\u00bb text_line_height_phone=\u00a0\u00bb1.5em\u00a0\u00bb text_line_height_last_edited=\u00a0\u00bbon|phone\u00a0\u00bb global_colors_info=\u00a0\u00bb{}\u00a0\u00bb]<\/p>\n<p style=\"text-align: justify;\">D\u00e9couvrez le tout nouvel album de Fabienne Magnant, subtil m\u00e9lange de chefs d&rsquo;oeuvres du r\u00e9pertoire classique, flamenco en soliste et musiques populaires br\u00e9siliennes, interpr\u00e9t\u00e9s sur ses trois guitares (classique\/br\u00e9silienne, flamenca et viola caipira) en solo, mais \u00e9galement accompagn\u00e9e de ses amis du duo au quatuor<\/p>\n<p>[\/et_pb_text][dsm_button button_one_text=\u00a0\u00bbPR\u00c9COMMANDER\u00a0\u00bb button_one_url=\u00a0\u00bbhttps:\/\/www.fnac.com\/a22128119\/Fabienne-Magnant-Cordes-Sensibles-Cordas-Sensiveis-CD-album\u00a0\u00bb button_alignment=\u00a0\u00bbcenter\u00a0\u00bb _builder_version=\u00a0\u00bb4.27.4&Prime; _module_preset=\u00a0\u00bbdefault\u00a0\u00bb custom_button_one=\u00a0\u00bbon\u00a0\u00bb button_one_text_color=\u00a0\u00bb#FFFFFF\u00a0\u00bb button_one_bg_color=\u00a0\u00bb#4D4D4D\u00a0\u00bb button_one_border_width=\u00a0\u00bb1px\u00a0\u00bb button_one_border_color=\u00a0\u00bb#4D4D4D\u00a0\u00bb button_one_border_radius=\u00a0\u00bb0px\u00a0\u00bb button_one_letter_spacing=\u00a0\u00bb2px\u00a0\u00bb button_one_font=\u00a0\u00bbRoboto|300|||||||\u00a0\u00bb button_one_use_icon=\u00a0\u00bboff\u00a0\u00bb button_one_custom_padding=\u00a0\u00bb8px|30px|8px|30px|false|false\u00a0\u00bb custom_padding=\u00a0\u00bb||||false|false\u00a0\u00bb animation_style=\u00a0\u00bbfade\u00a0\u00bb hover_enabled=\u00a0\u00bb0&Prime; global_colors_info=\u00a0\u00bb{}\u00a0\u00bb button_one_text_color__hover_enabled=\u00a0\u00bbon|hover\u00a0\u00bb button_one_text_color__hover=\u00a0\u00bb#4D4D4D\u00a0\u00bb button_one_bg_color__hover_enabled=\u00a0\u00bbon|hover\u00a0\u00bb button_one_bg_color__hover=\u00a0\u00bb#FFFFFF\u00a0\u00bb button_one_bg_enable_color__hover=\u00a0\u00bbon\u00a0\u00bb theme_builder_area=\u00a0\u00bbpost_content\u00a0\u00bb button_one_url_new_window=\u00a0\u00bbon\u00a0\u00bb sticky_enabled=\u00a0\u00bb0&Prime;][\/dsm_button][\/et_pb_column][\/et_pb_row][et_pb_row use_custom_gutter=\u00a0\u00bbon\u00a0\u00bb make_equal=\u00a0\u00bbon\u00a0\u00bb custom_padding_last_edited=\u00a0\u00bbon|phone\u00a0\u00bb _builder_version=\u00a0\u00bb4.27.4&Prime; _module_preset=\u00a0\u00bbdefault\u00a0\u00bb background_color=\u00a0\u00bb#FFFFFF\u00a0\u00bb width=\u00a0\u00bb1200px\u00a0\u00bb max_width=\u00a0\u00bb100%\u00a0\u00bb module_alignment=\u00a0\u00bbcenter\u00a0\u00bb custom_margin=\u00a0\u00bb0px|0px|100px|0px|false|false\u00a0\u00bb custom_padding=\u00a0\u00bb20px|20px|20px|20px|false|false\u00a0\u00bb custom_padding_tablet=\u00a0\u00bb20px|20px|20px|20px|false|false\u00a0\u00bb custom_padding_phone=\u00a0\u00bb20px|20px|0px|20px|false|false\u00a0\u00bb global_colors_info=\u00a0\u00bb{}\u00a0\u00bb][et_pb_column type=\u00a0\u00bb4_4&Prime; _builder_version=\u00a0\u00bb4.27.4&Prime; _module_preset=\u00a0\u00bbdefault\u00a0\u00bb global_colors_info=\u00a0\u00bb{}\u00a0\u00bb][et_pb_blurb image=\u00a0\u00bbhttps:\/\/www.fabiennemagnant.fr\/wp-content\/uploads\/2025\/04\/fm2.jpg\u00a0\u00bb icon_placement=\u00a0\u00bbleft\u00a0\u00bb image_icon_width=\u00a0\u00bb200px\u00a0\u00bb content_max_width=\u00a0\u00bb100%\u00a0\u00bb icon_placement_tablet=\u00a0\u00bbleft\u00a0\u00bb icon_placement_phone=\u00a0\u00bbtop\u00a0\u00bb icon_placement_last_edited=\u00a0\u00bbon|phone\u00a0\u00bb image_icon_width_tablet=\u00a0\u00bb200px\u00a0\u00bb image_icon_width_phone=\u00a0\u00bb100%\u00a0\u00bb image_icon_width_last_edited=\u00a0\u00bbon|phone\u00a0\u00bb _builder_version=\u00a0\u00bb4.27.4&Prime; _module_preset=\u00a0\u00bbdefault\u00a0\u00bb body_font=\u00a0\u00bbPoppins|300|||||||\u00a0\u00bb image_icon_custom_margin=\u00a0\u00bb|10px|||false|false\u00a0\u00bb image_icon_custom_margin_tablet=\u00a0\u00bb|10px|||false|false\u00a0\u00bb image_icon_custom_margin_phone=\u00a0\u00bb40px|0px||0px|false|false\u00a0\u00bb image_icon_custom_margin_last_edited=\u00a0\u00bbon|phone\u00a0\u00bb image_icon_custom_padding=\u00a0\u00bb||||false|false\u00a0\u00bb width=\u00a0\u00bb100%\u00a0\u00bb custom_margin=\u00a0\u00bb0px|0px|0px|0px|true|true\u00a0\u00bb custom_margin_tablet=\u00a0\u00bb0px|0px|0px|0px|true|true\u00a0\u00bb custom_margin_phone=\u00a0\u00bb||-10px||false|true\u00a0\u00bb custom_margin_last_edited=\u00a0\u00bbon|phone\u00a0\u00bb custom_padding=\u00a0\u00bb0px|0px|0px|0px|true|true\u00a0\u00bb animation_style=\u00a0\u00bbfade\u00a0\u00bb global_colors_info=\u00a0\u00bb{}\u00a0\u00bb custom_css_blurb_content_last_edited=\u00a0\u00bbon|phone\u00a0\u00bb custom_css_blurb_content_phone=\u00a0\u00bbdisplay: flex;||flex-direction: column-reverse;\u00a0\u00bb]<\/p>\n<p class=\"p1\"><em>Ce cinqui\u00e8me opus est un t\u00e9moignage de plusieurs ann\u00e9es de p\u00e9r\u00e9grinations et inspirations artistiques. Je joue une nouvelle fois sur mes trois guitares (guitare classique\/br\u00e9silienne, flamenca et viola caipira) comme dans mon album pr\u00e9c\u00e9dent La Trinidad (2011), mais cette fois en solo ou avec d\u2019autres musiciens du duo au quatuor. Les pi\u00e8ces propos\u00e9es sont des chefs d\u2019oeuvres du r\u00e9pertoire classique, flamenco en soliste, des arrangements de joyaux de la musique populaire br\u00e9silienne sur ma viola ca\u00efpira et des compositions personnelles avec mes guitares entour\u00e9es \u00e0 la fois de percussions, de la basse et la contrebasse, du violon, de la clarinette basse ou d\u2019une voix po\u00e9tique. Ce melting-pot, reflet de mes passions musicales multiples, laisse largement la place au partage avec d\u2019autres artistes musiciens ou po\u00e8tes mais n\u2019en n\u2019oublie pas pour autant l\u2019intimit\u00e9 que peut offrir le solo instrumental qui m\u2019est cher. J\u2019esp\u00e8re que cela permettra des rencontres de sensibilit\u00e9s diff\u00e9rentes autour d\u2019une m\u00eame voix : celle de la musique.<\/em><\/p>\n<p style=\"text-align: right;\">Fabienne Magnant<\/p>\n<p>[\/et_pb_blurb][\/et_pb_column][\/et_pb_row][et_pb_row use_custom_gutter=\u00a0\u00bbon\u00a0\u00bb make_equal=\u00a0\u00bbon\u00a0\u00bb custom_padding_last_edited=\u00a0\u00bbon|phone\u00a0\u00bb _builder_version=\u00a0\u00bb4.27.4&Prime; _module_preset=\u00a0\u00bbdefault\u00a0\u00bb background_color=\u00a0\u00bb#FFFFFF\u00a0\u00bb width=\u00a0\u00bb1200px\u00a0\u00bb max_width=\u00a0\u00bb100%\u00a0\u00bb module_alignment=\u00a0\u00bbcenter\u00a0\u00bb custom_margin=\u00a0\u00bb0px|0px|0px|0px|false|false\u00a0\u00bb custom_padding=\u00a0\u00bb20px|20px|20px|20px|false|false\u00a0\u00bb custom_padding_tablet=\u00a0\u00bb20px|20px|20px|20px|false|false\u00a0\u00bb custom_padding_phone=\u00a0\u00bb20px|20px|0px|20px|false|false\u00a0\u00bb global_colors_info=\u00a0\u00bb{}\u00a0\u00bb][et_pb_column type=\u00a0\u00bb4_4&Prime; _builder_version=\u00a0\u00bb4.27.4&Prime; _module_preset=\u00a0\u00bbdefault\u00a0\u00bb global_colors_info=\u00a0\u00bb{}\u00a0\u00bb][et_pb_blurb image=\u00a0\u00bbhttps:\/\/www.fabiennemagnant.fr\/wp-content\/uploads\/2025\/04\/Joel-Emidio-Da-Silva.jpg\u00a0\u00bb icon_placement=\u00a0\u00bbleft\u00a0\u00bb image_icon_width=\u00a0\u00bb200px\u00a0\u00bb content_max_width=\u00a0\u00bb100%\u00a0\u00bb icon_placement_tablet=\u00a0\u00bbleft\u00a0\u00bb icon_placement_phone=\u00a0\u00bbtop\u00a0\u00bb icon_placement_last_edited=\u00a0\u00bbon|phone\u00a0\u00bb image_icon_width_tablet=\u00a0\u00bb200px\u00a0\u00bb image_icon_width_phone=\u00a0\u00bb100%\u00a0\u00bb image_icon_width_last_edited=\u00a0\u00bbon|phone\u00a0\u00bb _builder_version=\u00a0\u00bb4.27.4&Prime; _module_preset=\u00a0\u00bbdefault\u00a0\u00bb body_font=\u00a0\u00bbPoppins|300|||||||\u00a0\u00bb image_icon_custom_margin=\u00a0\u00bb|10px|||false|false\u00a0\u00bb image_icon_custom_margin_tablet=\u00a0\u00bb|10px|||false|false\u00a0\u00bb image_icon_custom_margin_phone=\u00a0\u00bb40px|0px||0px|false|false\u00a0\u00bb image_icon_custom_margin_last_edited=\u00a0\u00bbon|phone\u00a0\u00bb image_icon_custom_padding=\u00a0\u00bb||||false|false\u00a0\u00bb width=\u00a0\u00bb100%\u00a0\u00bb custom_margin=\u00a0\u00bb0px|0px|0px|0px|true|true\u00a0\u00bb custom_margin_tablet=\u00a0\u00bb0px|0px|0px|0px|true|true\u00a0\u00bb custom_margin_phone=\u00a0\u00bb||-10px||false|true\u00a0\u00bb custom_margin_last_edited=\u00a0\u00bbon|phone\u00a0\u00bb custom_padding=\u00a0\u00bb0px|0px|0px|0px|true|true\u00a0\u00bb animation_style=\u00a0\u00bbfade\u00a0\u00bb global_colors_info=\u00a0\u00bb{}\u00a0\u00bb custom_css_blurb_content_last_edited=\u00a0\u00bbon|phone\u00a0\u00bb custom_css_blurb_content_phone=\u00a0\u00bbdisplay: flex;||flex-direction: column-reverse;\u00a0\u00bb]<\/p>\n<p class=\"p1\"><em>La musique de Fabienne Magnant coule comme un fleuve, subtile et puissant, dans des compositions, interpr\u00e9tations et arrangements \u00e9quilibr\u00e9s, dont elle extrait la quintessence sonore qui remonte au pass\u00e9 le plus lointain ou \u00e0 la cr\u00e9ation cosmique elle-m\u00eame ; car la musique est plus ancienne que l\u2019esp\u00e8ce humaine. Elle a \u00e9t\u00e9 cr\u00e9\u00e9e par la Nature. Sa force \u00e9mane du vent qui chante entre les feuilles, du rugissement de la mer, du murmure des sources cristallines, de la ru\u00e9e des animaux, l\u2019expression d\u2019une danse des \u00e9l\u00e9ments. Apr\u00e8s tout, la musique r\u00e9sonne au rythme percussif du c\u0153ur de chaque \u00eatre vivant, souffle de la vie, accomplissant son destin de langage universel.<\/em><\/p>\n<p style=\"text-align: right;\">Joel Emidio da Silva<\/p>\n<p>[\/et_pb_blurb][\/et_pb_column][\/et_pb_row][\/et_pb_section][et_pb_section fb_built=\u00a0\u00bb1&Prime; custom_padding_last_edited=\u00a0\u00bbon|phone\u00a0\u00bb _builder_version=\u00a0\u00bb4.27.4&Prime; _module_preset=\u00a0\u00bbdefault\u00a0\u00bb custom_margin=\u00a0\u00bb0px|0px|0px|0px|false|false\u00a0\u00bb custom_margin_tablet=\u00a0\u00bb0px|0px|0px|0px|false|false\u00a0\u00bb custom_margin_phone=\u00a0\u00bb0px|0px|0px|0px|false|false\u00a0\u00bb custom_margin_last_edited=\u00a0\u00bbon|phone\u00a0\u00bb custom_padding=\u00a0\u00bb100px|160px|100px|160px|true|true\u00a0\u00bb custom_padding_tablet=\u00a0\u00bb100px|160px|100px|160px|true|true\u00a0\u00bb custom_padding_phone=\u00a0\u00bb50px|16px|50px|16px|true|true\u00a0\u00bb global_colors_info=\u00a0\u00bb{}\u00a0\u00bb][et_pb_row use_custom_gutter=\u00a0\u00bbon\u00a0\u00bb make_equal=\u00a0\u00bbon\u00a0\u00bb _builder_version=\u00a0\u00bb4.27.4&Prime; _module_preset=\u00a0\u00bbdefault\u00a0\u00bb width=\u00a0\u00bb1200px\u00a0\u00bb max_width=\u00a0\u00bb100%\u00a0\u00bb global_colors_info=\u00a0\u00bb{}\u00a0\u00bb][et_pb_column type=\u00a0\u00bb4_4&Prime; _builder_version=\u00a0\u00bb4.27.4&Prime; _module_preset=\u00a0\u00bbdefault\u00a0\u00bb global_colors_info=\u00a0\u00bb{}\u00a0\u00bb][et_pb_blog posts_number=\u00a0\u00bb111&Prime; include_categories=\u00a0\u00bb4&Prime; meta_date=\u00a0\u00bbj F Y\u00a0\u00bb show_content=\u00a0\u00bbon\u00a0\u00bb show_author=\u00a0\u00bboff\u00a0\u00bb show_date=\u00a0\u00bboff\u00a0\u00bb show_categories=\u00a0\u00bboff\u00a0\u00bb show_pagination=\u00a0\u00bboff\u00a0\u00bb module_class=\u00a0\u00bbpa-blog-list-actu\u00a0\u00bb _builder_version=\u00a0\u00bb4.27.4&Prime; _module_preset=\u00a0\u00bbdefault\u00a0\u00bb header_font=\u00a0\u00bbRoboto|300||on|||||\u00a0\u00bb header_text_color=\u00a0\u00bb#4D4D4D\u00a0\u00bb header_font_size=\u00a0\u00bb32px\u00a0\u00bb header_letter_spacing=\u00a0\u00bb1px\u00a0\u00bb body_font=\u00a0\u00bbPoppins||||||||\u00a0\u00bb meta_font=\u00a0\u00bbRoboto|700|||||||\u00a0\u00bb meta_text_color=\u00a0\u00bb#4D4D4D\u00a0\u00bb meta_font_size=\u00a0\u00bb22px\u00a0\u00bb meta_line_height=\u00a0\u00bb2em\u00a0\u00bb read_more_font=\u00a0\u00bbRoboto|500|||on||||\u00a0\u00bb read_more_text_color=\u00a0\u00bb#4D4D4D\u00a0\u00bb read_more_line_height=\u00a0\u00bb2.2em\u00a0\u00bb link_option_url_new_window=\u00a0\u00bbon\u00a0\u00bb global_colors_info=\u00a0\u00bb{}\u00a0\u00bb][\/et_pb_blog][\/et_pb_column][\/et_pb_row][\/et_pb_section]<\/p>\n","protected":false},"excerpt":{"rendered":"<p>actualit\u00e9snouvel albumD\u00e9couvrez le tout nouvel album de Fabienne Magnant, subtil m\u00e9lange de chefs d&rsquo;oeuvres du r\u00e9pertoire classique, flamenco en soliste et musiques populaires br\u00e9siliennes, interpr\u00e9t\u00e9s sur ses trois guitares (classique\/br\u00e9silienne, flamenca et viola caipira) en solo, mais \u00e9galement accompagn\u00e9e de ses amis du duo au quatuor<div class=\"et_pb_module dsm_button dsm_button_0 et_animated et_pb_bg_layout_light\">\n\t\t\t\t\n\t\t\t\t\n\t\t\t\t\n\t\t\t\t\n\t\t\t\t\n\t\t\t\t\n\t\t\t\t<div class=\"et_pb_module_inner\">\n\t\t\t\t\t<div class=\"et_pb_button_module_wrappers dsm_button_0_wrapper et_pb_button_alignment_center et_pb_module\">\n\t\t\t\t<a class=\"et_pb_button et_pb_button_one et_pb_bg_layout_light dsm-none \"  href=https:\/\/www.fnac.com\/a22128119\/Fabienne-Magnant-Cordes-Sensibles-Cordas-Sensiveis-CD-album target=\"_blank\" data-dsm-lightbox-id=\"dsm_button_one_lightbox dsm_button_0\"><span>PR\u00c9COMMANDER<\/span><\/a>\n\t\t\t<\/div>\n\t\t\t\t<\/div>\n\t\t\t<\/div>Ce cinqui\u00e8me opus est un t\u00e9moignage de plusieurs ann\u00e9es de p\u00e9r\u00e9grinations et inspirations artistiques. Je joue une nouvelle fois sur mes trois guitares (guitare classique\/br\u00e9silienne, flamenca et viola caipira) comme dans mon album pr\u00e9c\u00e9dent La Trinidad (2011), mais cette fois en solo ou avec d\u2019autres musiciens du duo au quatuor. Les pi\u00e8ces propos\u00e9es sont des chefs d\u2019oeuvres du r\u00e9pertoire classique, flamenco en soliste, des arrangements de joyaux de la musique populaire br\u00e9silienne sur ma viola ca\u00efpira et des compositions personnelles avec mes guitares entour\u00e9es \u00e0 la fois de percussions, de la basse et la contrebasse, du violon, de la clarinette basse ou d\u2019une voix po\u00e9tique. Ce melting-pot, reflet de mes passions musicales multiples, laisse largement la place au partage avec d\u2019autres artistes musiciens ou po\u00e8tes mais n\u2019en n\u2019oublie [&hellip;]<\/p>\n","protected":false},"author":1,"featured_media":0,"parent":0,"menu_order":0,"comment_status":"closed","ping_status":"closed","template":"","meta":{"_et_pb_use_builder":"on","_et_pb_old_content":"","_et_gb_content_width":"","footnotes":""},"class_list":["post-12","page","type-page","status-publish","hentry"],"_links":{"self":[{"href":"https:\/\/www.fabiennemagnant.fr\/index.php\/wp-json\/wp\/v2\/pages\/12","targetHints":{"allow":["GET"]}}],"collection":[{"href":"https:\/\/www.fabiennemagnant.fr\/index.php\/wp-json\/wp\/v2\/pages"}],"about":[{"href":"https:\/\/www.fabiennemagnant.fr\/index.php\/wp-json\/wp\/v2\/types\/page"}],"author":[{"embeddable":true,"href":"https:\/\/www.fabiennemagnant.fr\/index.php\/wp-json\/wp\/v2\/users\/1"}],"replies":[{"embeddable":true,"href":"https:\/\/www.fabiennemagnant.fr\/index.php\/wp-json\/wp\/v2\/comments?post=12"}],"version-history":[{"count":6,"href":"https:\/\/www.fabiennemagnant.fr\/index.php\/wp-json\/wp\/v2\/pages\/12\/revisions"}],"predecessor-version":[{"id":263914,"href":"https:\/\/www.fabiennemagnant.fr\/index.php\/wp-json\/wp\/v2\/pages\/12\/revisions\/263914"}],"wp:attachment":[{"href":"https:\/\/www.fabiennemagnant.fr\/index.php\/wp-json\/wp\/v2\/media?parent=12"}],"curies":[{"name":"wp","href":"https:\/\/api.w.org\/{rel}","templated":true}]}}