{"id":10,"date":"2025-04-17T21:59:20","date_gmt":"2025-04-17T19:59:20","guid":{"rendered":"http:\/\/www.fabiennemagnant.fr\/?page_id=10"},"modified":"2025-04-21T00:07:15","modified_gmt":"2025-04-20T22:07:15","slug":"biographie","status":"publish","type":"page","link":"https:\/\/www.fabiennemagnant.fr\/index.php\/biographie\/","title":{"rendered":"BIOGRAPHIE"},"content":{"rendered":"<p>[et_pb_section fb_built=\u00a0\u00bb1&Prime; custom_padding_last_edited=\u00a0\u00bbon|phone\u00a0\u00bb _builder_version=\u00a0\u00bb4.27.4&Prime; _module_preset=\u00a0\u00bbdefault\u00a0\u00bb background_color=\u00a0\u00bbRGBA(255,255,255,0)\u00a0\u00bb background_image=\u00a0\u00bbhttps:\/\/www.fabiennemagnant.fr\/wp-content\/uploads\/2025\/04\/bg-music.jpg\u00a0\u00bb parallax=\u00a0\u00bbon\u00a0\u00bb custom_padding=\u00a0\u00bb100px|160px|100px|160px|true|false\u00a0\u00bb custom_padding_tablet=\u00a0\u00bb100px|160px|100px|160px|true|false\u00a0\u00bb custom_padding_phone=\u00a0\u00bb40px|0px|40px|0px|true|true\u00a0\u00bb animation_style=\u00a0\u00bbfade\u00a0\u00bb background_last_edited=\u00a0\u00bbon|phone\u00a0\u00bb parallax_phone=\u00a0\u00bboff\u00a0\u00bb background_size_phone=\u00a0\u00bbcover\u00a0\u00bb background_position_phone=\u00a0\u00bbtop_center\u00a0\u00bb global_colors_info=\u00a0\u00bb{}\u00a0\u00bb background__hover_enabled=\u00a0\u00bboff|hover\u00a0\u00bb][et_pb_row use_custom_gutter=\u00a0\u00bbon\u00a0\u00bb make_equal=\u00a0\u00bbon\u00a0\u00bb _builder_version=\u00a0\u00bb4.27.4&Prime; _module_preset=\u00a0\u00bbdefault\u00a0\u00bb width=\u00a0\u00bb100%\u00a0\u00bb max_width=\u00a0\u00bb100%\u00a0\u00bb custom_margin=\u00a0\u00bb0px|0px|0px|0px|false|false\u00a0\u00bb custom_padding=\u00a0\u00bb0px|0px|0px|0px|false|false\u00a0\u00bb animation_style=\u00a0\u00bbfade\u00a0\u00bb animation_duration=\u00a0\u00bb2000ms\u00a0\u00bb global_colors_info=\u00a0\u00bb{}\u00a0\u00bb][et_pb_column type=\u00a0\u00bb4_4&Prime; _builder_version=\u00a0\u00bb4.27.4&Prime; _module_preset=\u00a0\u00bbdefault\u00a0\u00bb global_colors_info=\u00a0\u00bb{}\u00a0\u00bb][et_pb_text _builder_version=\u00a0\u00bb4.27.4&Prime; _module_preset=\u00a0\u00bbdefault\u00a0\u00bb text_font=\u00a0\u00bbRoboto|200||on|||||\u00a0\u00bb text_font_size=\u00a0\u00bb40px\u00a0\u00bb text_letter_spacing=\u00a0\u00bb6px\u00a0\u00bb text_orientation=\u00a0\u00bbcenter\u00a0\u00bb width=\u00a0\u00bb100%\u00a0\u00bb max_width=\u00a0\u00bb100%\u00a0\u00bb custom_margin=\u00a0\u00bb|0px|0px|0px|false|false\u00a0\u00bb custom_padding=\u00a0\u00bb0px|0px|0px|0px|false|false\u00a0\u00bb animation_style=\u00a0\u00bbfade\u00a0\u00bb global_colors_info=\u00a0\u00bb{}\u00a0\u00bb]<\/p>\n<p><span>biographie<\/span><\/p>\n<p>[\/et_pb_text][\/et_pb_column][\/et_pb_row][\/et_pb_section][et_pb_section fb_built=\u00a0\u00bb1&Prime; custom_padding_last_edited=\u00a0\u00bbon|phone\u00a0\u00bb disabled_on=\u00a0\u00bbon|off|off\u00a0\u00bb _builder_version=\u00a0\u00bb4.27.4&Prime; _module_preset=\u00a0\u00bbdefault\u00a0\u00bb background_image=\u00a0\u00bbhttp:\/\/davidpilette.com\/fabiennemagnant\/wp-content\/uploads\/2025\/02\/bg-bio.jpg\u00a0\u00bb background_size=\u00a0\u00bbcontain\u00a0\u00bb custom_margin_tablet=\u00a0\u00bb\u00a0\u00bb custom_margin_phone=\u00a0\u00bb0px|20px|0px|20px|false|false\u00a0\u00bb custom_margin_last_edited=\u00a0\u00bbon|phone\u00a0\u00bb custom_padding=\u00a0\u00bb100px|160px|100px|160px|false|false\u00a0\u00bb custom_padding_tablet=\u00a0\u00bb\u00a0\u00bb custom_padding_phone=\u00a0\u00bb0px|0px|0px|0px|false|false\u00a0\u00bb sticky_limit_bottom=\u00a0\u00bbbody\u00a0\u00bb background_color_phone=\u00a0\u00bb#E5E5E5&Prime; background_last_edited=\u00a0\u00bbon|phone\u00a0\u00bb background_enable_color_phone=\u00a0\u00bbon\u00a0\u00bb global_colors_info=\u00a0\u00bb{}\u00a0\u00bb][et_pb_row column_structure=\u00a0\u00bb1_2,1_2&Prime; use_custom_gutter=\u00a0\u00bbon\u00a0\u00bb make_equal=\u00a0\u00bbon\u00a0\u00bb _builder_version=\u00a0\u00bb4.27.4&Prime; _module_preset=\u00a0\u00bbdefault\u00a0\u00bb width=\u00a0\u00bb100%\u00a0\u00bb width_tablet=\u00a0\u00bb\u00a0\u00bb width_phone=\u00a0\u00bb100%\u00a0\u00bb width_last_edited=\u00a0\u00bbon|phone\u00a0\u00bb max_width=\u00a0\u00bb1200px\u00a0\u00bb module_alignment=\u00a0\u00bbcenter\u00a0\u00bb custom_margin=\u00a0\u00bb0px|0px|0px|0px|false|false\u00a0\u00bb custom_padding=\u00a0\u00bb0px|0px|0px|0px|false|false\u00a0\u00bb scroll_vertical_motion=\u00a0\u00bb14|50|50|89|0|-15|0&Prime; global_colors_info=\u00a0\u00bb{}\u00a0\u00bb][et_pb_column type=\u00a0\u00bb1_2&Prime; _builder_version=\u00a0\u00bb4.27.4&Prime; _module_preset=\u00a0\u00bbdefault\u00a0\u00bb global_colors_info=\u00a0\u00bb{}\u00a0\u00bb][et_pb_image src=\u00a0\u00bbhttps:\/\/www.fabiennemagnant.fr\/wp-content\/uploads\/2025\/04\/FM-bio-copie.jpg\u00a0\u00bb title_text=\u00a0\u00bbFM-bio copie\u00a0\u00bb _builder_version=\u00a0\u00bb4.27.4&Prime; _module_preset=\u00a0\u00bbdefault\u00a0\u00bb animation_style=\u00a0\u00bbfade\u00a0\u00bb animation_direction=\u00a0\u00bbbottom\u00a0\u00bb animation_duration=\u00a0\u00bb1300ms\u00a0\u00bb border_width_all=\u00a0\u00bb20px\u00a0\u00bb border_color_all=\u00a0\u00bb#FFFFFF\u00a0\u00bb global_colors_info=\u00a0\u00bb{}\u00a0\u00bb][\/et_pb_image][et_pb_image src=\u00a0\u00bbhttps:\/\/www.fabiennemagnant.fr\/wp-content\/uploads\/2025\/04\/FM-bio3.jpg\u00a0\u00bb title_text=\u00a0\u00bbFM-bio3&Prime; _builder_version=\u00a0\u00bb4.27.4&Prime; _module_preset=\u00a0\u00bbdefault\u00a0\u00bb animation_style=\u00a0\u00bbfade\u00a0\u00bb border_width_all=\u00a0\u00bb20px\u00a0\u00bb border_color_all=\u00a0\u00bb#FFFFFF\u00a0\u00bb global_colors_info=\u00a0\u00bb{}\u00a0\u00bb][\/et_pb_image][et_pb_image src=\u00a0\u00bbhttps:\/\/www.fabiennemagnant.fr\/wp-content\/uploads\/2025\/04\/FM-bio5.jpg\u00a0\u00bb title_text=\u00a0\u00bbFM-bio5&Prime; _builder_version=\u00a0\u00bb4.27.4&Prime; _module_preset=\u00a0\u00bbdefault\u00a0\u00bb animation_style=\u00a0\u00bbfade\u00a0\u00bb border_width_all=\u00a0\u00bb20px\u00a0\u00bb border_color_all=\u00a0\u00bb#FFFFFF\u00a0\u00bb global_colors_info=\u00a0\u00bb{}\u00a0\u00bb][\/et_pb_image][\/et_pb_column][et_pb_column type=\u00a0\u00bb1_2&Prime; _builder_version=\u00a0\u00bb4.27.4&Prime; _module_preset=\u00a0\u00bbdefault\u00a0\u00bb global_colors_info=\u00a0\u00bb{}\u00a0\u00bb][et_pb_text _builder_version=\u00a0\u00bb4.27.4&Prime; _module_preset=\u00a0\u00bbdefault\u00a0\u00bb text_font=\u00a0\u00bbPoppins|300|||||||\u00a0\u00bb background_color=\u00a0\u00bb#FFFFFF\u00a0\u00bb width=\u00a0\u00bb100%\u00a0\u00bb max_width=\u00a0\u00bb100%\u00a0\u00bb custom_margin=\u00a0\u00bb0px|0px|0px|0px|false|false\u00a0\u00bb custom_padding=\u00a0\u00bb0px|0px|0px|0px|false|false\u00a0\u00bb animation_style=\u00a0\u00bbfade\u00a0\u00bb text_font_size_tablet=\u00a0\u00bb\u00a0\u00bb text_font_size_phone=\u00a0\u00bb14px\u00a0\u00bb text_font_size_last_edited=\u00a0\u00bbon|phone\u00a0\u00bb border_width_all=\u00a0\u00bb20px\u00a0\u00bb border_color_all=\u00a0\u00bb#FFFFFF\u00a0\u00bb global_colors_info=\u00a0\u00bb{}\u00a0\u00bb]<\/p>\n<p>Fabienne MAGNANT est guitariste, interpr\u00e8te, compositrice et p\u00e9dagogue fran\u00e7aise.<\/p>\n<p>Elle a \u00e9tudi\u00e9 depuis son enfance la guitare classique (notamment avec Olivier Chassain et Roland Dyens, tous deux ont \u00e9t\u00e9 professeurs au Conservatoire National Sup\u00e9rieur de Musique de Paris).<\/p>\n<p>\u00c0 25 ans, ses prix de conservatoire en poche, elle part plusieurs mois au Br\u00e9sil, rencontre des musiciens de tous horizons et c\u00f4toie notamment le grand guitariste br\u00e9silien Baden Powell et le compositeur Cesar Guerra Peixe. Depuis ce voyage, elle s\u2019adonne \u00e0 la cr\u00e9ation musicale.<\/p>\n<p>Ses deux premiers albums voient le jour : \u00ab M\u00e9moire Vivante \u00bb (1995) et \u00ab Canto Instrumental \u00bb (1998) distribution Night and Day. (en France et dans 6 pays).<\/p>\n<p>En 1999, avec le soutien de la SACEM, elle part en r\u00e9sidence au Br\u00e9sil notamment dans le Nordeste s&rsquo;inspirer pour la cr\u00e9ation de son album Le Sens des Sens enti\u00e8rement sur ses propres compositions, joue en concert \u00e0 l&rsquo;Universidade Federal de Rio de Janeiro, ville d&rsquo;o\u00f9 elle<br \/>rapportera sa viola ca\u00efpira du luthier Do Souto. Cette petite guitare \u00e0 10 cordes m\u00e9talliques, embl\u00e8me du br\u00e9sil, devient son instrument de pr\u00e9dilection pour ses compositions.<\/p>\n<p>En 2004, cette guitariste \u00e0 l\u2019esprit tr\u00e8s curieux est all\u00e9e en Andalousie explorer le monde de la guitare flamenca (Granada \u00e0 l\u2019Escola Carmen Cuevas), musique qu&rsquo;elle ne cesse de c\u00f4toyer depuis.<\/p>\n<p>Fabienne signe un contrat de co-production avec le label de musique de monde Buda Musique (album Le sens des sens en 2003 puis La Trinidad en 2011) et pour son nouvel album \u00e0 para\u00eetre Cordas sensiveis, Cordes sensibles, en mai 2025 chez l\u2019Editeur Music box Publishing.<\/p>\n<p>Ses albums sont \u00e0 chaque fois chaleureusement accueillis par la presse. (Guitare Classique, jazz Hot, T\u00e9l\u00e9rama, Le Monde de la musique etc..). Deux ann\u00e9es cons\u00e9cutives, en 2018 et 2019<br \/>cette artiste est class\u00e9e dans le top 10 des plus grands musiciens de tradition br\u00e9silienne (Ca\u00efpira) dans un fameux journal de musique de Sao Paulo Sertaopaulistano.<\/p>\n<p>Ses compositions sont \u00e9galement \u00e9dit\u00e9es depuis 2009 par Les Productions d&rsquo;Oz (partitions papier et num\u00e9rique, distribution internationale), et depuis novembre 2014 par l&rsquo;\u00e9diteur audiovisuel Music Box Publishing.<\/p>\n<p>Fabienne Magnant joue sur ses trois guitares selon les r\u00e9pertoires qu&rsquo;elle interpr\u00e8te ou compose : la guitare classique\/br\u00e9silienne, la guitare flamenca et la viola ca\u00efpira.<\/p>\n<p>Elle se produit en France, et \u00e0 l&rsquo;\u00e9tranger (Belgique, Pays bas, Espagne, Italie, et en tourn\u00e9es r\u00e9guli\u00e8res au Br\u00e9sil) notamment dans les th\u00e9\u00e2tres SESC. Elle joue en soliste, et du duo au quatuor avec Fran\u00e7ois Kokelaere, percussions, Dominique Muzeau, basse \u00e9lectroacoustique,<br \/>Samuel Th\u00e9z\u00e9 clarinette basse , Maria In\u00eas Guimar\u00e3es, piano, Z\u00e9 luis Nascimento, percussions, au Br\u00e9sil avec la chanteuse Consuelo de Paula, Ricardo Vignini, viola Ca\u00efpira, Fabius DZ, viola ca\u00efpira, Andre Rass , percussions, et Pedro Macedo contrebasse.<\/p>\n<p>Fabienne Magnant est \u00e9galement Professeure d&rsquo;Enseignement Artistique (PEA) titulaire hors classe en guitare classique et traditionnelles latines au Conservatoire \u00e0 Rayonnement D\u00e9partemental de Grand Paris Sud.<\/p>\n<p>[\/et_pb_text][\/et_pb_column][\/et_pb_row][\/et_pb_section][et_pb_section fb_built=\u00a0\u00bb1&Prime; custom_padding_last_edited=\u00a0\u00bbon|phone\u00a0\u00bb disabled_on=\u00a0\u00bboff|on|on\u00a0\u00bb _builder_version=\u00a0\u00bb4.27.4&Prime; _module_preset=\u00a0\u00bbdefault\u00a0\u00bb background_image=\u00a0\u00bbhttp:\/\/davidpilette.com\/fabiennemagnant\/wp-content\/uploads\/2025\/02\/bg-bio.jpg\u00a0\u00bb background_size=\u00a0\u00bbcontain\u00a0\u00bb custom_margin_tablet=\u00a0\u00bb\u00a0\u00bb custom_margin_phone=\u00a0\u00bb0px|0px|0px|0px|false|false\u00a0\u00bb custom_margin_last_edited=\u00a0\u00bbon|phone\u00a0\u00bb custom_padding=\u00a0\u00bb100px|160px|100px|160px|false|false\u00a0\u00bb custom_padding_tablet=\u00a0\u00bb\u00a0\u00bb custom_padding_phone=\u00a0\u00bb20px|16px|60px|16px|false|true\u00a0\u00bb sticky_limit_bottom=\u00a0\u00bbbody\u00a0\u00bb background_color_phone=\u00a0\u00bb#E5E5E5&Prime; background_last_edited=\u00a0\u00bbon|phone\u00a0\u00bb background_enable_color_phone=\u00a0\u00bbon\u00a0\u00bb background_enable_image_phone=\u00a0\u00bboff\u00a0\u00bb global_colors_info=\u00a0\u00bb{}\u00a0\u00bb][et_pb_row use_custom_gutter=\u00a0\u00bbon\u00a0\u00bb make_equal=\u00a0\u00bbon\u00a0\u00bb _builder_version=\u00a0\u00bb4.27.4&Prime; _module_preset=\u00a0\u00bbdefault\u00a0\u00bb width=\u00a0\u00bb100%\u00a0\u00bb width_tablet=\u00a0\u00bb\u00a0\u00bb width_phone=\u00a0\u00bb100%\u00a0\u00bb width_last_edited=\u00a0\u00bbon|phone\u00a0\u00bb max_width=\u00a0\u00bb100%\u00a0\u00bb module_alignment=\u00a0\u00bbcenter\u00a0\u00bb custom_margin=\u00a0\u00bb0px|0px|0px|0px|false|false\u00a0\u00bb custom_padding=\u00a0\u00bb0px|0px|0px|0px|false|false\u00a0\u00bb scroll_vertical_motion=\u00a0\u00bb14|50|50|89|0|-15|0&Prime; global_colors_info=\u00a0\u00bb{}\u00a0\u00bb][et_pb_column type=\u00a0\u00bb4_4&Prime; _builder_version=\u00a0\u00bb4.27.4&Prime; _module_preset=\u00a0\u00bbdefault\u00a0\u00bb global_colors_info=\u00a0\u00bb{}\u00a0\u00bb][et_pb_text _builder_version=\u00a0\u00bb4.27.4&Prime; _module_preset=\u00a0\u00bbdefault\u00a0\u00bb text_font=\u00a0\u00bbPoppins|300|||||||\u00a0\u00bb background_color=\u00a0\u00bb#FFFFFF\u00a0\u00bb width=\u00a0\u00bb100%\u00a0\u00bb max_width=\u00a0\u00bb100%\u00a0\u00bb custom_margin=\u00a0\u00bb0px|0px|0px|0px|false|false\u00a0\u00bb custom_padding=\u00a0\u00bb0px|0px|0px|0px|false|false\u00a0\u00bb animation_style=\u00a0\u00bbfade\u00a0\u00bb text_font_size_tablet=\u00a0\u00bb\u00a0\u00bb text_font_size_phone=\u00a0\u00bb16px\u00a0\u00bb text_font_size_last_edited=\u00a0\u00bbon|phone\u00a0\u00bb text_line_height_tablet=\u00a0\u00bb\u00a0\u00bb text_line_height_phone=\u00a0\u00bb1.5em\u00a0\u00bb text_line_height_last_edited=\u00a0\u00bbon|phone\u00a0\u00bb border_width_all=\u00a0\u00bb20px\u00a0\u00bb border_color_all=\u00a0\u00bb#FFFFFF\u00a0\u00bb border_width_all_tablet=\u00a0\u00bb20px\u00a0\u00bb border_width_all_phone=\u00a0\u00bb10px\u00a0\u00bb border_width_all_last_edited=\u00a0\u00bbon|phone\u00a0\u00bb global_colors_info=\u00a0\u00bb{}\u00a0\u00bb]<\/p>\n<p>Fabienne MAGNANT est guitariste, interpr\u00e8te, compositrice et p\u00e9dagogue fran\u00e7aise.<\/p>\n<p>Elle a \u00e9tudi\u00e9 depuis son enfance la guitare classique (notamment avec Olivier Chassain et Roland Dyens, tous deux ont \u00e9t\u00e9 professeurs au Conservatoire National Sup\u00e9rieur de Musique de Paris).<\/p>\n<p>\u00c0 25 ans, ses prix de conservatoire en poche, elle part plusieurs mois au Br\u00e9sil, rencontre des musiciens de tous horizons et c\u00f4toie notamment le grand guitariste br\u00e9silien Baden Powell et le compositeur Cesar Guerra Peixe. Depuis ce voyage, elle s\u2019adonne \u00e0 la cr\u00e9ation musicale.<\/p>\n<p>Ses deux premiers albums voient le jour : \u00ab M\u00e9moire Vivante \u00bb (1995) et \u00ab Canto Instrumental \u00bb (1998) distribution Night and Day. (en France et dans 6 pays).<\/p>\n<p>En 1999, avec le soutien de la SACEM, elle part en r\u00e9sidence au Br\u00e9sil notamment dans le Nordeste s&rsquo;inspirer pour la cr\u00e9ation de son album Le Sens des Sens enti\u00e8rement sur ses propres compositions, joue en concert \u00e0 l&rsquo;Universidade Federal de Rio de Janeiro, ville d&rsquo;o\u00f9 elle<br \/>rapportera sa viola ca\u00efpira du luthier Do Souto. Cette petite guitare \u00e0 10 cordes m\u00e9talliques, embl\u00e8me du br\u00e9sil, devient son instrument de pr\u00e9dilection pour ses compositions.<\/p>\n<p>En 2004, cette guitariste \u00e0 l\u2019esprit tr\u00e8s curieux est all\u00e9e en Andalousie explorer le monde de la guitare flamenca (Granada \u00e0 l\u2019Escola Carmen Cuevas), musique qu&rsquo;elle ne cesse de c\u00f4toyer depuis.<\/p>\n<p>[\/et_pb_text][et_pb_image src=\u00a0\u00bbhttps:\/\/www.fabiennemagnant.fr\/wp-content\/uploads\/2025\/04\/FM-bio-copie.jpg\u00a0\u00bb title_text=\u00a0\u00bbFM-bio copie\u00a0\u00bb _builder_version=\u00a0\u00bb4.27.4&Prime; _module_preset=\u00a0\u00bbdefault\u00a0\u00bb custom_margin_tablet=\u00a0\u00bb\u00a0\u00bb custom_margin_phone=\u00a0\u00bb0px|0px|0px|0px|true|true\u00a0\u00bb custom_margin_last_edited=\u00a0\u00bbon|phone\u00a0\u00bb custom_padding=\u00a0\u00bb0px|0px|0px|0px|true|true\u00a0\u00bb animation_style=\u00a0\u00bbfade\u00a0\u00bb animation_direction=\u00a0\u00bbbottom\u00a0\u00bb border_width_all=\u00a0\u00bb10px\u00a0\u00bb border_color_all=\u00a0\u00bb#FFFFFF\u00a0\u00bb global_colors_info=\u00a0\u00bb{}\u00a0\u00bb][\/et_pb_image][et_pb_text _builder_version=\u00a0\u00bb4.27.4&Prime; _module_preset=\u00a0\u00bbdefault\u00a0\u00bb text_font=\u00a0\u00bbPoppins|300|||||||\u00a0\u00bb background_color=\u00a0\u00bb#FFFFFF\u00a0\u00bb width=\u00a0\u00bb100%\u00a0\u00bb max_width=\u00a0\u00bb100%\u00a0\u00bb min_height_tablet=\u00a0\u00bb\u00a0\u00bb min_height_phone=\u00a0\u00bb\u00a0\u00bb min_height_last_edited=\u00a0\u00bbon|phone\u00a0\u00bb custom_margin=\u00a0\u00bb0px|0px|0px|0px|false|false\u00a0\u00bb custom_padding=\u00a0\u00bb0px|0px|0px|0px|false|false\u00a0\u00bb animation_style=\u00a0\u00bbfade\u00a0\u00bb text_font_size_tablet=\u00a0\u00bb\u00a0\u00bb text_font_size_phone=\u00a0\u00bb16px\u00a0\u00bb text_font_size_last_edited=\u00a0\u00bbon|phone\u00a0\u00bb text_line_height_tablet=\u00a0\u00bb\u00a0\u00bb text_line_height_phone=\u00a0\u00bb1.5em\u00a0\u00bb text_line_height_last_edited=\u00a0\u00bbon|phone\u00a0\u00bb border_width_all=\u00a0\u00bb20px\u00a0\u00bb border_color_all=\u00a0\u00bb#FFFFFF\u00a0\u00bb border_width_all_tablet=\u00a0\u00bb20px\u00a0\u00bb border_width_all_phone=\u00a0\u00bb10px\u00a0\u00bb border_width_all_last_edited=\u00a0\u00bbon|phone\u00a0\u00bb global_colors_info=\u00a0\u00bb{}\u00a0\u00bb]<\/p>\n<p>Fabienne signe un contrat de co-production avec le label de musique de monde Buda Musique (album Le sens des sens en 2003 puis La Trinidad en 2011) et pour son nouvel album \u00e0 para\u00eetre Cordas sensiveis, Cordes sensibles, en mai 2025 chez l\u2019Editeur Music box Publishing.<\/p>\n<p>Ses albums sont \u00e0 chaque fois chaleureusement accueillis par la presse. (Guitare Classique, jazz Hot, T\u00e9l\u00e9rama, Le Monde de la musique etc..). Deux ann\u00e9es cons\u00e9cutives, en 2018 et 2019<br \/>cette artiste est class\u00e9e dans le top 10 des plus grands musiciens de tradition br\u00e9silienne (Ca\u00efpira) dans un fameux journal de musique de Sao Paulo Sertaopaulistano.<\/p>\n<p>Ses compositions sont \u00e9galement \u00e9dit\u00e9es depuis 2009 par Les Productions d&rsquo;Oz (partitions papier et num\u00e9rique, distribution internationale), et depuis novembre 2014 par l&rsquo;\u00e9diteur audiovisuel Music Box Publishing.<\/p>\n<p>[\/et_pb_text][et_pb_image src=\u00a0\u00bbhttps:\/\/www.fabiennemagnant.fr\/wp-content\/uploads\/2025\/04\/FM-bio3.jpg\u00a0\u00bb title_text=\u00a0\u00bbFM-bio3&Prime; _builder_version=\u00a0\u00bb4.27.4&Prime; _module_preset=\u00a0\u00bbdefault\u00a0\u00bb custom_margin_tablet=\u00a0\u00bb\u00a0\u00bb custom_margin_phone=\u00a0\u00bb0px||0px||true|false\u00a0\u00bb custom_margin_last_edited=\u00a0\u00bbon|phone\u00a0\u00bb custom_padding=\u00a0\u00bb0px|0px|0px|0px|true|true\u00a0\u00bb animation_style=\u00a0\u00bbfade\u00a0\u00bb border_width_all=\u00a0\u00bb10px\u00a0\u00bb border_color_all=\u00a0\u00bb#FFFFFF\u00a0\u00bb global_colors_info=\u00a0\u00bb{}\u00a0\u00bb][\/et_pb_image][et_pb_text _builder_version=\u00a0\u00bb4.27.4&Prime; _module_preset=\u00a0\u00bbdefault\u00a0\u00bb text_font=\u00a0\u00bbPoppins|300|||||||\u00a0\u00bb text_line_height=\u00a0\u00bb1.5em\u00a0\u00bb background_color=\u00a0\u00bb#FFFFFF\u00a0\u00bb width=\u00a0\u00bb100%\u00a0\u00bb max_width=\u00a0\u00bb100%\u00a0\u00bb custom_margin=\u00a0\u00bb0px|0px|0px|0px|false|false\u00a0\u00bb custom_padding=\u00a0\u00bb0px|0px|0px|0px|false|false\u00a0\u00bb animation_style=\u00a0\u00bbfade\u00a0\u00bb text_font_size_tablet=\u00a0\u00bb\u00a0\u00bb text_font_size_phone=\u00a0\u00bb16px\u00a0\u00bb text_font_size_last_edited=\u00a0\u00bbon|phone\u00a0\u00bb border_width_all=\u00a0\u00bb20px\u00a0\u00bb border_color_all=\u00a0\u00bb#FFFFFF\u00a0\u00bb border_width_all_tablet=\u00a0\u00bb20px\u00a0\u00bb border_width_all_phone=\u00a0\u00bb10px\u00a0\u00bb border_width_all_last_edited=\u00a0\u00bbon|phone\u00a0\u00bb global_colors_info=\u00a0\u00bb{}\u00a0\u00bb]<\/p>\n<p>Fabienne Magnant joue sur ses trois guitares selon les r\u00e9pertoires qu&rsquo;elle interpr\u00e8te ou compose : la guitare classique\/br\u00e9silienne, la guitare flamenca et la viola ca\u00efpira.<\/p>\n<p>Elle se produit en France, et \u00e0 l&rsquo;\u00e9tranger (Belgique, Pays bas, Espagne, Italie, et en tourn\u00e9es r\u00e9guli\u00e8res au Br\u00e9sil) notamment dans les th\u00e9\u00e2tres SESC. Elle joue en soliste, et du duo au quatuor avec Fran\u00e7ois Kokelaere, percussions, Dominique Muzeau, basse \u00e9lectroacoustique,<br \/>Samuel Th\u00e9z\u00e9 clarinette basse , Maria In\u00eas Guimar\u00e3es, piano, Z\u00e9 luis Nascimento, percussions, au Br\u00e9sil avec la chanteuse Consuelo de Paula, Ricardo Vignini, viola Ca\u00efpira, Fabius DZ, viola ca\u00efpira, Andre Rass , percussions, et Pedro Macedo contrebasse.<\/p>\n<p>Fabienne Magnant est \u00e9galement Professeure d&rsquo;Enseignement Artistique (PEA) titulaire hors classe en guitare classique et traditionnelles latines au Conservatoire \u00e0 Rayonnement D\u00e9partemental de Grand Paris Sud.<\/p>\n<p>[\/et_pb_text][et_pb_image src=\u00a0\u00bbhttps:\/\/www.fabiennemagnant.fr\/wp-content\/uploads\/2025\/04\/FM-bio5.jpg\u00a0\u00bb title_text=\u00a0\u00bbFM-bio5&Prime; _builder_version=\u00a0\u00bb4.27.4&Prime; _module_preset=\u00a0\u00bbdefault\u00a0\u00bb width_tablet=\u00a0\u00bb\u00a0\u00bb width_phone=\u00a0\u00bb\u00a0\u00bb width_last_edited=\u00a0\u00bbon|phone\u00a0\u00bb max_width_tablet=\u00a0\u00bb\u00a0\u00bb max_width_phone=\u00a0\u00bb100%\u00a0\u00bb max_width_last_edited=\u00a0\u00bbon|phone\u00a0\u00bb min_height_tablet=\u00a0\u00bb\u00a0\u00bb min_height_phone=\u00a0\u00bb100%\u00a0\u00bb min_height_last_edited=\u00a0\u00bbon|phone\u00a0\u00bb height_tablet=\u00a0\u00bb\u00a0\u00bb height_phone=\u00a0\u00bb100%\u00a0\u00bb height_last_edited=\u00a0\u00bbon|phone\u00a0\u00bb max_height_tablet=\u00a0\u00bb\u00a0\u00bb max_height_phone=\u00a0\u00bb100%\u00a0\u00bb max_height_last_edited=\u00a0\u00bbon|phone\u00a0\u00bb custom_margin_tablet=\u00a0\u00bb\u00a0\u00bb custom_margin_phone=\u00a0\u00bb0px|0px|0px|0px|true|true\u00a0\u00bb custom_margin_last_edited=\u00a0\u00bbon|phone\u00a0\u00bb custom_padding=\u00a0\u00bb0px|0px|0px|0px|true|true\u00a0\u00bb animation_style=\u00a0\u00bbfade\u00a0\u00bb border_width_all=\u00a0\u00bb10px\u00a0\u00bb border_color_all=\u00a0\u00bb#FFFFFF\u00a0\u00bb global_colors_info=\u00a0\u00bb{}\u00a0\u00bb][\/et_pb_image][\/et_pb_column][\/et_pb_row][\/et_pb_section]<\/p>\n","protected":false},"excerpt":{"rendered":"<p>biographieFabienne MAGNANT est guitariste, interpr\u00e8te, compositrice et p\u00e9dagogue fran\u00e7aise. Elle a \u00e9tudi\u00e9 depuis son enfance la guitare classique (notamment avec Olivier Chassain et Roland Dyens, tous deux ont \u00e9t\u00e9 professeurs au Conservatoire National Sup\u00e9rieur de Musique de Paris). \u00c0 25 ans, ses prix de conservatoire en poche, elle part plusieurs mois au Br\u00e9sil, rencontre des musiciens de tous horizons et c\u00f4toie notamment le grand guitariste br\u00e9silien Baden Powell et le compositeur Cesar Guerra Peixe. Depuis ce voyage, elle s\u2019adonne \u00e0 la cr\u00e9ation musicale. Ses deux premiers albums voient le jour : \u00ab M\u00e9moire Vivante \u00bb (1995) et \u00ab Canto Instrumental \u00bb (1998) distribution Night and Day. (en France et dans 6 pays). En 1999, avec le soutien de la SACEM, elle part en r\u00e9sidence au Br\u00e9sil notamment dans le Nordeste s&rsquo;inspirer pour la cr\u00e9ation de son album Le Sens des Sens enti\u00e8rement sur ses propres compositions, joue en concert \u00e0 l&rsquo;Universidade Federal de Rio de Janeiro, ville d&rsquo;o\u00f9 ellerapportera sa viola ca\u00efpira du luthier Do Souto. Cette petite guitare \u00e0 10 cordes m\u00e9talliques, embl\u00e8me du br\u00e9sil, devient son instrument de pr\u00e9dilection pour ses compositions. En 2004, cette guitariste \u00e0 l\u2019esprit tr\u00e8s curieux est all\u00e9e en Andalousie explorer le monde de [&hellip;]<\/p>\n","protected":false},"author":1,"featured_media":0,"parent":0,"menu_order":0,"comment_status":"closed","ping_status":"closed","template":"","meta":{"_et_pb_use_builder":"on","_et_pb_old_content":"","_et_gb_content_width":"","footnotes":""},"class_list":["post-10","page","type-page","status-publish","hentry"],"_links":{"self":[{"href":"https:\/\/www.fabiennemagnant.fr\/index.php\/wp-json\/wp\/v2\/pages\/10","targetHints":{"allow":["GET"]}}],"collection":[{"href":"https:\/\/www.fabiennemagnant.fr\/index.php\/wp-json\/wp\/v2\/pages"}],"about":[{"href":"https:\/\/www.fabiennemagnant.fr\/index.php\/wp-json\/wp\/v2\/types\/page"}],"author":[{"embeddable":true,"href":"https:\/\/www.fabiennemagnant.fr\/index.php\/wp-json\/wp\/v2\/users\/1"}],"replies":[{"embeddable":true,"href":"https:\/\/www.fabiennemagnant.fr\/index.php\/wp-json\/wp\/v2\/comments?post=10"}],"version-history":[{"count":5,"href":"https:\/\/www.fabiennemagnant.fr\/index.php\/wp-json\/wp\/v2\/pages\/10\/revisions"}],"predecessor-version":[{"id":263900,"href":"https:\/\/www.fabiennemagnant.fr\/index.php\/wp-json\/wp\/v2\/pages\/10\/revisions\/263900"}],"wp:attachment":[{"href":"https:\/\/www.fabiennemagnant.fr\/index.php\/wp-json\/wp\/v2\/media?parent=10"}],"curies":[{"name":"wp","href":"https:\/\/api.w.org\/{rel}","templated":true}]}}